{"id":78,"date":"2016-04-24T19:28:33","date_gmt":"2016-04-24T19:28:33","guid":{"rendered":"http:\/\/wirfuergrone.de\/?page_id=78"},"modified":"2018-05-24T18:42:09","modified_gmt":"2018-05-24T18:42:09","slug":"impressum","status":"publish","type":"page","link":"https:\/\/www.wirfuergrone.de\/?page_id=78","title":{"rendered":"Impressum | Datenschutz"},"content":{"rendered":"<div id=\"pl-78\"  class=\"panel-layout\" ><div id=\"pg-78-0\"  class=\"panel-grid panel-no-style\" ><div id=\"pgc-78-0-0\"  class=\"panel-grid-cell\" ><div id=\"panel-78-0-0-0\" class=\"so-panel widget widget_sow-editor panel-first-child panel-last-child\" data-index=\"0\" ><div\n\t\t\t\n\t\t\tclass=\"so-widget-sow-editor so-widget-sow-editor-base\"\n\t\t\t\n\t\t><h3 class=\"widget-title\">Impressum<\/h3>\n<div class=\"siteorigin-widget-tinymce textwidget\">\n\t<p><strong>WIR F\u00dcR GRONE e.V.<\/strong><br \/>Martin-Luther-Stra\u00dfe 9<br \/>37081 G\u00f6ttingen \/ Grone<\/p>\n<p>Vertreten durch den 1. Vorsitzenden: Rolf-Georg K\u00f6hler<\/p>\n<p>E-mail: info@wir-fuer-grone.de<\/p>\n<p>Internet:<br \/> www.WIRFUERGRONE.de<\/p>\n<p>Registergericht: Amtsgericht G\u00f6ttingen<br \/> Registernummer: VR 2758<\/p>\n<p>Rechtlicher Hinweis:<br \/> Trotz sorgf\u00e4ltiger inhaltlicher Kontrolle \u00fcbernehmen wir keine Haftung f\u00fcr die Inhalte externer Links. F\u00fcr den Inhalt der verlinkten Seiten sind ausschlie\u00dflich deren Betreiber verantwortlich.<\/p>\n<\/div>\n<\/div><\/div><\/div><div id=\"pgc-78-0-1\"  class=\"panel-grid-cell\" ><div id=\"panel-78-0-1-0\" class=\"so-panel widget widget_text panel-first-child panel-last-child\" data-index=\"1\" ><h3 class=\"widget-title\">DATENSCHUTZ<\/h3>\t\t\t<div class=\"textwidget\"><p>Anbieter und verantwortliche Stelle im Sinne des Datenschutzgesetzes<\/p>\n<p>Wir f\u00fcr Grone e.V.<br \/>\n1.\u00a0 Vorsitzender Rolf-Georg-K\u00f6hler<br \/>\nMartin-Luther-Stra\u00dfe 9<br \/>\n37081 G\u00f6ttingen<\/p>\n<p><strong>Geltungsbereich<\/strong><\/p>\n<p>Nutzer erhalten mit dieser Datenschutzerkl\u00e4rung Information \u00fcber die Art, den Umfang und Zweck der Erhebung und Verwendung ihrer Daten durch den verantwortlichen Anbieter erhoben und verwendet werden.<\/p>\n<p>Den rechtlichen Rahmen f\u00fcr den Datenschutz bilden das Bundesdatenschutzgesetz (BDSG) und das Telemediengesetz (TMG).<\/p>\n<p><strong>Erfassung allgemeiner Informationen<\/strong><\/p>\n<p>Mit jedem Zugriff auf dieses Angebot werden durch uns bzw. den Webspace-Provider automatisch Informationen erfasst. Diese Informationen, auch als Server-Logfiles bezeichnet, sind allgemeiner Natur und erlauben keine R\u00fcckschl\u00fcsse auf Ihre Person.<\/p>\n<p>Erfasst werden unter anderem: Name der Webseite, Datei, Datum, Datenmenge, Webbrowser und Webbrowser-Version, Betriebssystem, der Domainname Ihres Internet-Providers, die sogenannte Referrer-URL (jene Seite, von der aus Sie auf unser Angebot zugegriffen haben) und die IP-Adresse.<\/p>\n<p>Ohne diese Daten w\u00e4re es technisch teils nicht m\u00f6glich, die Inhalte der Webseite auszuliefern und darzustellen. Insofern ist die Erfassung der Daten zwingend notwendig. Dar\u00fcber hinaus verwenden wir die anonymen Informationen f\u00fcr statistische Zwecke. Sie helfen uns bei der Optimierung des Angebots und der Technik. Wir behalten uns zudem das Recht vor, die Log-Files bei Verdacht auf eine rechtswidrige Nutzung unseres Angebotes nachtr\u00e4glich zu kontrollieren.<\/p>\n<p><strong>Umgang mit personenbezogenen Daten<\/strong><\/p>\n<p>Definition: Als personenbezogene Daten gelten alle Informationen, anhand derer eine Person eindeutig identifizierbar ist. Es handelt sich somit um Daten, die zu einer Person zur\u00fcckverfolgt werden k\u00f6nnen.<\/p>\n<p>Zu diesen personenbezogenen Daten z\u00e4hlen der Vorname und der Name, die Telefonnummer sowie die E-Mail-Adresse. Ebenso als personenbezogene Daten gelten Informationen zu Hobbies, Mitgliedschaften und Vorlieben sowie Internetseiten, die aufgerufen wurden.<\/p>\n<p>Diese Daten werden vom Anbieter nur erhoben, genutzt und gegebenenfalls weitergegeben, sofern der Gesetzgeber dies ausdr\u00fccklich erlaubt oder aber der Nutzer in die Erhebung, Bearbeitung, Nutzung und Weitergabe der Daten einwilligt.<\/p>\n<p><strong>Einbindung von Diensten und Inhalten Dritter<\/strong><\/p>\n<p>Unser Angebot umfasst mitunter Inhalte, Dienste und Leistungen anderer Anbieter. Das sind zum Beispiel Karten, die von Google-Maps zur Verf\u00fcgung gestellt werden, Videos von YouTube sowie Grafiken und Bilder anderer Webseiten. Damit diese Daten im Browser des Nutzers aufgerufen und dargestellt werden k\u00f6nnen, ist die \u00dcbermittlung der IP-Adresse zwingend notwendig. Die Anbieter (im Folgenden als \u201eDritt-Anbieter\u201c bezeichnet) nehmen also die IP-Adresse des jeweiligen Nutzers wahr.<\/p>\n<p>Auch wenn wir bem\u00fcht sind, ausschlie\u00dflich Dritt-Anbieter zu nutzen, welche die IP-Adresse nur ben\u00f6tigen, um Inhalte ausliefern zu k\u00f6nnen, haben wir keinen Einfluss darauf, ob die IP-Adresse m\u00f6glicherweise gespeichert wird. Dieser Vorgang dient in dem Fall unter anderem statistischen Zwecken. Sofern wir Kenntnis davon haben, dass die IP-Adresse gespeichert wird, weisen wir unsere Nutzer darauf hin.<\/p>\n<p><strong>Cookies<\/strong><\/p>\n<p>Diese Webseite verwendet sogenannte Cookies. Das sind Textdateien, die vom Server aus auf Ihrem Rechner gespeichert werden. Sie enthalten Informationen zum Browser, zur IP-Adresse, dem Betriebssystem und zur Internetverbindung. Diese Daten werden von uns nicht an Dritte weitergegeben oder ohne ihre Zustimmung mit personenbezogenen Daten verkn\u00fcpft.<\/p>\n<p>Cookies erf\u00fcllen vor allem zwei Aufgaben. Sie helfen uns, Ihnen die Navigation durch unser Angebot zu erleichtern, und erm\u00f6glichen die korrekte Darstellung der Webseite. Sie werden nicht dazu genutzt, Viren einzuschleusen oder Programme zu starten.<\/p>\n<p>Nutzer haben die M\u00f6glichkeit, unser Angebot auch ohne Cookies aufzurufen. Dazu m\u00fcssen im Browser die entsprechenden Einstellungen ge\u00e4ndert werden. Informieren Sie sich bitte \u00fcber die Hilfsfunktion Ihres Browsers, wie Cookies deaktiviert werden. Wir weisen allerdings darauf hin, dass dadurch einige Funktionen dieser Webseite m\u00f6glicherweise beeintr\u00e4chtigt werden und der Nutzungskomfort eingeschr\u00e4nkt wird. Die Seiten http:\/\/www.aboutads.info\/choices\/ (USA) und http:\/\/www.youronlinechoices.com\/uk\/your-ad-choices\/ (Europa) erlauben es Ihnen, Online-Anzeigen-Cookies zu verwalten.<\/p>\n<p><strong>Statistische Auswertunge (AWStats)<br \/>\n<\/strong><\/p>\n<p>Die Internetseiten von &#8222;Wir f\u00fcr Grone&#8220; nutzen AWStats zur statistischen Analyse der Besucherzugriffe. Die Erhebung, Verarbeitung und Nutzung dieser Daten sowie deren Auswertung erfolgt allein zu anonymisierten statistischen Zwecken. Wir verwenden diese anonymisierten Statistiken ausschlie\u00dflich zur Messung der Aktivit\u00e4ten sowie zur Verbesserung bzw. Anpassung unserer Webseite an die Bed\u00fcrfnisse der Nutzer. Diese Statistiken enthalten keine personenbezogenen Daten und k\u00f6nnen auch nicht zur Sammlung personenbezogener Daten genutzt werden. Profile \u00fcber das Verhalten einzelner Nutzer beim Besuch der Webseiten von &#8222;Wir f\u00fcr Grone&#8220; werden in keinem Fall erstellt.<\/p>\n<p><strong>Ihre Rechte auf Auskunft, Berichtigung, Sperre, L\u00f6schung und Widerspruch<\/strong><\/p>\n<p>Sie haben das Recht, auf Antrag unentgeltlich eine Auskunft, \u00fcber die bei uns gespeicherten personenbezogenen Daten, anzufordern und\/oder eine Berichtigung, Sperrung oder L\u00f6schung zu verlangen. Ausnahmen: Es handelt sich um die vorgeschriebene Datenspeicherung zur Gesch\u00e4ftsabwicklung oder die Daten unterliegen der gesetzlichen Aufbewahrungspflicht.<\/p>\n<p>Um eine Datensperre jederzeit ber\u00fccksichtigen zu k\u00f6nnen, ist es erforderlich, die Daten f\u00fcr Kontrollzwecke in einer Sperrdatei vorzuhalten. Besteht keine gesetzliche Archivierungspflicht, k\u00f6nnen Sie auch die L\u00f6schung der Daten verlangen. Anderenfalls sperren wir die Daten, sofern Sie dies w\u00fcnschen.<\/p>\n<p><strong>\u00c4nderung unserer Datenschutzerkl\u00e4rung<\/strong><\/p>\n<p>Um zu gew\u00e4hrleisten, dass unsere Datenschutzerkl\u00e4rung stets den aktuellen gesetzlichen Vorgaben entspricht, behalten wir uns jederzeit \u00c4nderungen vor. Das gilt auch f\u00fcr den Fall, dass die Datenschutzerkl\u00e4rung aufgrund neuer oder \u00fcberarbeiteter Leistungen, zum Beispiel neuer Serviceleistungen, angepasst werden muss. Die neue Datenschutzerkl\u00e4rung greift dann bei Ihrem n\u00e4chsten Besuch auf unserem Angebot.<\/p>\n<\/div>\n\t\t<\/div><\/div><\/div><div id=\"pg-78-1\"  class=\"panel-grid panel-no-style\" ><div id=\"pgc-78-1-0\"  class=\"panel-grid-cell\" ><div id=\"panel-78-1-0-0\" class=\"so-panel widget widget_sow-button panel-first-child panel-last-child\" data-index=\"2\" ><div\n\t\t\t\n\t\t\tclass=\"so-widget-sow-button so-widget-sow-button-atom-8d3ac13cc710-78\"\n\t\t\t\n\t\t><div class=\"ow-button-base ow-button-align-center\"\n>\n\t\t\t<a\n\t\t\t\t\thref=\"https:\/\/www.wirfuergrone.de\"\n\t\t\t\t\tclass=\"sowb-button ow-icon-placement-left ow-button-hover\" \t>\n\t\t<span>\n\t\t\t<span class=\"sow-icon-fontawesome sow-fas\" data-sow-icon=\"&#xf0e2;\"\n\t\tstyle=\"\" \n\t\taria-hidden=\"true\"><\/span>\n\t\t\tZur\u00fcck zur Startseite\t\t<\/span>\n\t\t\t<\/a>\n\t<\/div>\n<\/div><\/div><\/div><\/div><\/div>","protected":false},"excerpt":{"rendered":"<p>WIR F\u00dcR GRONE e.V.Martin-Luther-Stra\u00dfe 937081 G\u00f6ttingen \/ Grone Vertreten durch den 1. Vorsitzenden: Rolf-Georg K\u00f6hler E-mail: info@wir-fuer-grone.de Internet: www.WIRFUERGRONE.de Registergericht: Amtsgericht G\u00f6ttingen Registernummer: VR 2758 Rechtlicher Hinweis: Trotz sorgf\u00e4ltiger inhaltlicher Kontrolle \u00fcbernehmen wir keine Haftung f\u00fcr die Inhalte externer Links. F\u00fcr den Inhalt der verlinkten Seiten sind ausschlie\u00dflich deren Betreiber [&hellip;]<\/p>\n","protected":false},"author":1,"featured_media":0,"parent":0,"menu_order":0,"comment_status":"closed","ping_status":"closed","template":"","meta":{"footnotes":""},"class_list":["post-78","page","type-page","status-publish","hentry"],"yoast_head":"<!-- This site is optimized with the Yoast SEO plugin v26.8 - https:\/\/yoast.com\/product\/yoast-seo-wordpress\/ -->\n<title>Impressum | Datenschutz - Wir f\u00fcr Grone e.V.<\/title>\n<meta name=\"robots\" content=\"index, follow, max-snippet:-1, max-image-preview:large, max-video-preview:-1\" \/>\n<link rel=\"canonical\" href=\"https:\/\/www.wirfuergrone.de\/?page_id=78\" \/>\n<meta property=\"og:locale\" content=\"de_DE\" \/>\n<meta property=\"og:type\" content=\"article\" \/>\n<meta property=\"og:title\" content=\"Impressum | Datenschutz - Wir f\u00fcr Grone e.V.\" \/>\n<meta property=\"og:description\" content=\"WIR F\u00dcR GRONE e.V.Martin-Luther-Stra\u00dfe 937081 G\u00f6ttingen \/ Grone Vertreten durch den 1. Vorsitzenden: Rolf-Georg K\u00f6hler E-mail: info@wir-fuer-grone.de Internet: www.WIRFUERGRONE.de Registergericht: Amtsgericht G\u00f6ttingen Registernummer: VR 2758 Rechtlicher Hinweis: Trotz sorgf\u00e4ltiger inhaltlicher Kontrolle \u00fcbernehmen wir keine Haftung f\u00fcr die Inhalte externer Links. F\u00fcr den Inhalt der verlinkten Seiten sind ausschlie\u00dflich deren Betreiber [&hellip;]\" \/>\n<meta property=\"og:url\" content=\"https:\/\/www.wirfuergrone.de\/?page_id=78\" \/>\n<meta property=\"og:site_name\" content=\"Wir f\u00fcr Grone e.V.\" \/>\n<meta property=\"article:modified_time\" content=\"2018-05-24T18:42:09+00:00\" \/>\n<meta name=\"twitter:card\" content=\"summary_large_image\" \/>\n<meta name=\"twitter:label1\" content=\"Gesch\u00e4tzte Lesezeit\" \/>\n\t<meta name=\"twitter:data1\" content=\"5\u00a0Minuten\" \/>\n<script type=\"application\/ld+json\" class=\"yoast-schema-graph\">{\"@context\":\"https:\/\/schema.org\",\"@graph\":[{\"@type\":\"WebPage\",\"@id\":\"https:\/\/www.wirfuergrone.de\/?page_id=78\",\"url\":\"https:\/\/www.wirfuergrone.de\/?page_id=78\",\"name\":\"Impressum | Datenschutz - Wir f\u00fcr Grone e.V.\",\"isPartOf\":{\"@id\":\"https:\/\/www.wirfuergrone.de\/#website\"},\"datePublished\":\"2016-04-24T19:28:33+00:00\",\"dateModified\":\"2018-05-24T18:42:09+00:00\",\"breadcrumb\":{\"@id\":\"https:\/\/www.wirfuergrone.de\/?page_id=78#breadcrumb\"},\"inLanguage\":\"de\",\"potentialAction\":[{\"@type\":\"ReadAction\",\"target\":[\"https:\/\/www.wirfuergrone.de\/?page_id=78\"]}]},{\"@type\":\"BreadcrumbList\",\"@id\":\"https:\/\/www.wirfuergrone.de\/?page_id=78#breadcrumb\",\"itemListElement\":[{\"@type\":\"ListItem\",\"position\":1,\"name\":\"Startseite\",\"item\":\"https:\/\/www.wirfuergrone.de\/\"},{\"@type\":\"ListItem\",\"position\":2,\"name\":\"Impressum | Datenschutz\"}]},{\"@type\":\"WebSite\",\"@id\":\"https:\/\/www.wirfuergrone.de\/#website\",\"url\":\"https:\/\/www.wirfuergrone.de\/\",\"name\":\"Wir f\u00fcr Grone e.V.\",\"description\":\"Initiative zeigen f\u00fcr Grone - seit 2003\",\"publisher\":{\"@id\":\"https:\/\/www.wirfuergrone.de\/#organization\"},\"potentialAction\":[{\"@type\":\"SearchAction\",\"target\":{\"@type\":\"EntryPoint\",\"urlTemplate\":\"https:\/\/www.wirfuergrone.de\/?s={search_term_string}\"},\"query-input\":{\"@type\":\"PropertyValueSpecification\",\"valueRequired\":true,\"valueName\":\"search_term_string\"}}],\"inLanguage\":\"de\"},{\"@type\":\"Organization\",\"@id\":\"https:\/\/www.wirfuergrone.de\/#organization\",\"name\":\"Wir f\u00fcr Grone e.V.\",\"url\":\"https:\/\/www.wirfuergrone.de\/\",\"logo\":{\"@type\":\"ImageObject\",\"inLanguage\":\"de\",\"@id\":\"https:\/\/www.wirfuergrone.de\/#\/schema\/logo\/image\/\",\"url\":\"https:\/\/www.wirfuergrone.de\/wp-content\/uploads\/2016\/04\/LOGOWFG-e1461299840626.jpg\",\"contentUrl\":\"https:\/\/www.wirfuergrone.de\/wp-content\/uploads\/2016\/04\/LOGOWFG-e1461299840626.jpg\",\"width\":50,\"height\":56,\"caption\":\"Wir f\u00fcr Grone e.V.\"},\"image\":{\"@id\":\"https:\/\/www.wirfuergrone.de\/#\/schema\/logo\/image\/\"}}]}<\/script>\n<!-- \/ Yoast SEO plugin. -->","yoast_head_json":{"title":"Impressum | Datenschutz - Wir f\u00fcr Grone e.V.","robots":{"index":"index","follow":"follow","max-snippet":"max-snippet:-1","max-image-preview":"max-image-preview:large","max-video-preview":"max-video-preview:-1"},"canonical":"https:\/\/www.wirfuergrone.de\/?page_id=78","og_locale":"de_DE","og_type":"article","og_title":"Impressum | Datenschutz - Wir f\u00fcr Grone e.V.","og_description":"WIR F\u00dcR GRONE e.V.Martin-Luther-Stra\u00dfe 937081 G\u00f6ttingen \/ Grone Vertreten durch den 1. Vorsitzenden: Rolf-Georg K\u00f6hler E-mail: info@wir-fuer-grone.de Internet: www.WIRFUERGRONE.de Registergericht: Amtsgericht G\u00f6ttingen Registernummer: VR 2758 Rechtlicher Hinweis: Trotz sorgf\u00e4ltiger inhaltlicher Kontrolle \u00fcbernehmen wir keine Haftung f\u00fcr die Inhalte externer Links. F\u00fcr den Inhalt der verlinkten Seiten sind ausschlie\u00dflich deren Betreiber [&hellip;]","og_url":"https:\/\/www.wirfuergrone.de\/?page_id=78","og_site_name":"Wir f\u00fcr Grone e.V.","article_modified_time":"2018-05-24T18:42:09+00:00","twitter_card":"summary_large_image","twitter_misc":{"Gesch\u00e4tzte Lesezeit":"5\u00a0Minuten"},"schema":{"@context":"https:\/\/schema.org","@graph":[{"@type":"WebPage","@id":"https:\/\/www.wirfuergrone.de\/?page_id=78","url":"https:\/\/www.wirfuergrone.de\/?page_id=78","name":"Impressum | Datenschutz - Wir f\u00fcr Grone e.V.","isPartOf":{"@id":"https:\/\/www.wirfuergrone.de\/#website"},"datePublished":"2016-04-24T19:28:33+00:00","dateModified":"2018-05-24T18:42:09+00:00","breadcrumb":{"@id":"https:\/\/www.wirfuergrone.de\/?page_id=78#breadcrumb"},"inLanguage":"de","potentialAction":[{"@type":"ReadAction","target":["https:\/\/www.wirfuergrone.de\/?page_id=78"]}]},{"@type":"BreadcrumbList","@id":"https:\/\/www.wirfuergrone.de\/?page_id=78#breadcrumb","itemListElement":[{"@type":"ListItem","position":1,"name":"Startseite","item":"https:\/\/www.wirfuergrone.de\/"},{"@type":"ListItem","position":2,"name":"Impressum | Datenschutz"}]},{"@type":"WebSite","@id":"https:\/\/www.wirfuergrone.de\/#website","url":"https:\/\/www.wirfuergrone.de\/","name":"Wir f\u00fcr Grone e.V.","description":"Initiative zeigen f\u00fcr Grone - seit 2003","publisher":{"@id":"https:\/\/www.wirfuergrone.de\/#organization"},"potentialAction":[{"@type":"SearchAction","target":{"@type":"EntryPoint","urlTemplate":"https:\/\/www.wirfuergrone.de\/?s={search_term_string}"},"query-input":{"@type":"PropertyValueSpecification","valueRequired":true,"valueName":"search_term_string"}}],"inLanguage":"de"},{"@type":"Organization","@id":"https:\/\/www.wirfuergrone.de\/#organization","name":"Wir f\u00fcr Grone e.V.","url":"https:\/\/www.wirfuergrone.de\/","logo":{"@type":"ImageObject","inLanguage":"de","@id":"https:\/\/www.wirfuergrone.de\/#\/schema\/logo\/image\/","url":"https:\/\/www.wirfuergrone.de\/wp-content\/uploads\/2016\/04\/LOGOWFG-e1461299840626.jpg","contentUrl":"https:\/\/www.wirfuergrone.de\/wp-content\/uploads\/2016\/04\/LOGOWFG-e1461299840626.jpg","width":50,"height":56,"caption":"Wir f\u00fcr Grone e.V."},"image":{"@id":"https:\/\/www.wirfuergrone.de\/#\/schema\/logo\/image\/"}}]}},"_links":{"self":[{"href":"https:\/\/www.wirfuergrone.de\/index.php?rest_route=\/wp\/v2\/pages\/78","targetHints":{"allow":["GET"]}}],"collection":[{"href":"https:\/\/www.wirfuergrone.de\/index.php?rest_route=\/wp\/v2\/pages"}],"about":[{"href":"https:\/\/www.wirfuergrone.de\/index.php?rest_route=\/wp\/v2\/types\/page"}],"author":[{"embeddable":true,"href":"https:\/\/www.wirfuergrone.de\/index.php?rest_route=\/wp\/v2\/users\/1"}],"replies":[{"embeddable":true,"href":"https:\/\/www.wirfuergrone.de\/index.php?rest_route=%2Fwp%2Fv2%2Fcomments&post=78"}],"version-history":[{"count":13,"href":"https:\/\/www.wirfuergrone.de\/index.php?rest_route=\/wp\/v2\/pages\/78\/revisions"}],"predecessor-version":[{"id":259,"href":"https:\/\/www.wirfuergrone.de\/index.php?rest_route=\/wp\/v2\/pages\/78\/revisions\/259"}],"wp:attachment":[{"href":"https:\/\/www.wirfuergrone.de\/index.php?rest_route=%2Fwp%2Fv2%2Fmedia&parent=78"}],"curies":[{"name":"wp","href":"https:\/\/api.w.org\/{rel}","templated":true}]}}