{"id":392,"date":"2023-11-21T20:40:42","date_gmt":"2023-11-21T20:40:42","guid":{"rendered":"https:\/\/www.wirfuergrone.de\/?page_id=392"},"modified":"2023-11-21T22:24:54","modified_gmt":"2023-11-21T22:24:54","slug":"gruendung-und-satzung","status":"publish","type":"page","link":"https:\/\/www.wirfuergrone.de\/?page_id=392","title":{"rendered":"Gr\u00fcndung und Satzung"},"content":{"rendered":"<div id=\"pl-392\"  class=\"panel-layout\" ><div id=\"pg-392-0\"  class=\"panel-grid panel-no-style\" ><div id=\"pgc-392-0-0\"  class=\"panel-grid-cell\" ><div id=\"panel-392-0-0-0\" class=\"so-panel widget widget_sow-editor panel-first-child panel-last-child\" data-index=\"0\" ><div\n\t\t\t\n\t\t\tclass=\"so-widget-sow-editor so-widget-sow-editor-base\"\n\t\t\t\n\t\t>\n<div class=\"siteorigin-widget-tinymce textwidget\">\n\t<div id=\"pg-w653ff9c285d0f-0\" class=\"panel-grid panel-no-style\">\n<div id=\"pgc-w653ff9c285d0f-0-0\" class=\"panel-grid-cell\">\n<div id=\"panel-w653ff9c285d0f-0-0-0\" class=\"so-panel widget widget_text panel-first-child panel-last-child\" data-index=\"0\">\n<div class=\"textwidget\">\n<p><span style=\"color: #000000;\"> Am 20.10.2003 wurde unser Verein mit 16 Gr\u00fcndungmitgliedern gegr\u00fcndet.<\/span><\/p>\n<p><a href=\"https:\/\/www.wirfuergrone.de\/wp-content\/uploads\/2016\/04\/Satzung_Version-1-1.pdf\">Satzung Download<\/a><\/p>\n<div id=\"attachment_75\" style=\"width: 487px\" class=\"wp-caption aligncenter\"><img aria-describedby=\"caption-attachment-75\" loading=\"lazy\" decoding=\"async\" class=\"size-full wp-image-75\" src=\"https:\/\/www.wirfuergrone.de\/wp-content\/uploads\/2016\/04\/gruendung.jpg\" alt=\"\" width=\"477\" height=\"319\" srcset=\"https:\/\/www.wirfuergrone.de\/wp-content\/uploads\/2016\/04\/gruendung.jpg 477w, https:\/\/www.wirfuergrone.de\/wp-content\/uploads\/2016\/04\/gruendung-300x201.jpg 300w, https:\/\/www.wirfuergrone.de\/wp-content\/uploads\/2016\/04\/gruendung-272x182.jpg 272w\" sizes=\"auto, (max-width: 477px) 100vw, 477px\" \/><p id=\"caption-attachment-75\" class=\"wp-caption-text\">Gr\u00fcndungsversammlung<\/p><\/div>\n<\/div>\n<\/div>\n<\/div>\n<\/div>\n<\/div>\n<\/div><\/div><\/div><\/div><\/div>","protected":false},"excerpt":{"rendered":"<p>Am 20.10.2003 wurde unser Verein mit 16 Gr\u00fcndungmitgliedern gegr\u00fcndet. Satzung Download<\/p>\n","protected":false},"author":1,"featured_media":75,"parent":0,"menu_order":0,"comment_status":"closed","ping_status":"closed","template":"","meta":{"footnotes":""},"class_list":["post-392","page","type-page","status-publish","has-post-thumbnail","hentry"],"yoast_head":"<!-- This site is optimized with the Yoast SEO plugin v26.8 - https:\/\/yoast.com\/product\/yoast-seo-wordpress\/ -->\n<title>Gr\u00fcndung und Satzung - Wir f\u00fcr Grone e.V.<\/title>\n<meta name=\"robots\" content=\"index, follow, max-snippet:-1, max-image-preview:large, max-video-preview:-1\" \/>\n<link rel=\"canonical\" href=\"https:\/\/www.wirfuergrone.de\/?page_id=392\" \/>\n<meta property=\"og:locale\" content=\"de_DE\" \/>\n<meta property=\"og:type\" content=\"article\" \/>\n<meta property=\"og:title\" content=\"Gr\u00fcndung und Satzung - Wir f\u00fcr Grone e.V.\" \/>\n<meta property=\"og:description\" content=\"Am 20.10.2003 wurde unser Verein mit 16 Gr\u00fcndungmitgliedern gegr\u00fcndet. Satzung Download\" \/>\n<meta property=\"og:url\" content=\"https:\/\/www.wirfuergrone.de\/?page_id=392\" \/>\n<meta property=\"og:site_name\" content=\"Wir f\u00fcr Grone e.V.\" \/>\n<meta property=\"article:modified_time\" content=\"2023-11-21T22:24:54+00:00\" \/>\n<meta property=\"og:image\" content=\"https:\/\/www.wirfuergrone.de\/wp-content\/uploads\/2016\/04\/gruendung.jpg\" \/>\n\t<meta property=\"og:image:width\" content=\"477\" \/>\n\t<meta property=\"og:image:height\" content=\"319\" \/>\n\t<meta property=\"og:image:type\" content=\"image\/jpeg\" \/>\n<meta name=\"twitter:card\" content=\"summary_large_image\" \/>\n<meta name=\"twitter:label1\" content=\"Gesch\u00e4tzte Lesezeit\" \/>\n\t<meta name=\"twitter:data1\" content=\"1\u00a0Minute\" \/>\n<script type=\"application\/ld+json\" class=\"yoast-schema-graph\">{\"@context\":\"https:\/\/schema.org\",\"@graph\":[{\"@type\":\"WebPage\",\"@id\":\"https:\/\/www.wirfuergrone.de\/?page_id=392\",\"url\":\"https:\/\/www.wirfuergrone.de\/?page_id=392\",\"name\":\"Gr\u00fcndung und Satzung - Wir f\u00fcr Grone e.V.\",\"isPartOf\":{\"@id\":\"https:\/\/www.wirfuergrone.de\/#website\"},\"primaryImageOfPage\":{\"@id\":\"https:\/\/www.wirfuergrone.de\/?page_id=392#primaryimage\"},\"image\":{\"@id\":\"https:\/\/www.wirfuergrone.de\/?page_id=392#primaryimage\"},\"thumbnailUrl\":\"https:\/\/www.wirfuergrone.de\/wp-content\/uploads\/2016\/04\/gruendung.jpg\",\"datePublished\":\"2023-11-21T20:40:42+00:00\",\"dateModified\":\"2023-11-21T22:24:54+00:00\",\"breadcrumb\":{\"@id\":\"https:\/\/www.wirfuergrone.de\/?page_id=392#breadcrumb\"},\"inLanguage\":\"de\",\"potentialAction\":[{\"@type\":\"ReadAction\",\"target\":[\"https:\/\/www.wirfuergrone.de\/?page_id=392\"]}]},{\"@type\":\"ImageObject\",\"inLanguage\":\"de\",\"@id\":\"https:\/\/www.wirfuergrone.de\/?page_id=392#primaryimage\",\"url\":\"https:\/\/www.wirfuergrone.de\/wp-content\/uploads\/2016\/04\/gruendung.jpg\",\"contentUrl\":\"https:\/\/www.wirfuergrone.de\/wp-content\/uploads\/2016\/04\/gruendung.jpg\",\"width\":477,\"height\":319,\"caption\":\"Gr\u00fcndungsversammlung\"},{\"@type\":\"BreadcrumbList\",\"@id\":\"https:\/\/www.wirfuergrone.de\/?page_id=392#breadcrumb\",\"itemListElement\":[{\"@type\":\"ListItem\",\"position\":1,\"name\":\"Startseite\",\"item\":\"https:\/\/www.wirfuergrone.de\/\"},{\"@type\":\"ListItem\",\"position\":2,\"name\":\"Gr\u00fcndung und Satzung\"}]},{\"@type\":\"WebSite\",\"@id\":\"https:\/\/www.wirfuergrone.de\/#website\",\"url\":\"https:\/\/www.wirfuergrone.de\/\",\"name\":\"Wir f\u00fcr Grone e.V.\",\"description\":\"Initiative zeigen f\u00fcr Grone - seit 2003\",\"publisher\":{\"@id\":\"https:\/\/www.wirfuergrone.de\/#organization\"},\"potentialAction\":[{\"@type\":\"SearchAction\",\"target\":{\"@type\":\"EntryPoint\",\"urlTemplate\":\"https:\/\/www.wirfuergrone.de\/?s={search_term_string}\"},\"query-input\":{\"@type\":\"PropertyValueSpecification\",\"valueRequired\":true,\"valueName\":\"search_term_string\"}}],\"inLanguage\":\"de\"},{\"@type\":\"Organization\",\"@id\":\"https:\/\/www.wirfuergrone.de\/#organization\",\"name\":\"Wir f\u00fcr Grone e.V.\",\"url\":\"https:\/\/www.wirfuergrone.de\/\",\"logo\":{\"@type\":\"ImageObject\",\"inLanguage\":\"de\",\"@id\":\"https:\/\/www.wirfuergrone.de\/#\/schema\/logo\/image\/\",\"url\":\"https:\/\/www.wirfuergrone.de\/wp-content\/uploads\/2016\/04\/LOGOWFG-e1461299840626.jpg\",\"contentUrl\":\"https:\/\/www.wirfuergrone.de\/wp-content\/uploads\/2016\/04\/LOGOWFG-e1461299840626.jpg\",\"width\":50,\"height\":56,\"caption\":\"Wir f\u00fcr Grone e.V.\"},\"image\":{\"@id\":\"https:\/\/www.wirfuergrone.de\/#\/schema\/logo\/image\/\"}}]}<\/script>\n<!-- \/ Yoast SEO plugin. -->","yoast_head_json":{"title":"Gr\u00fcndung und Satzung - Wir f\u00fcr Grone e.V.","robots":{"index":"index","follow":"follow","max-snippet":"max-snippet:-1","max-image-preview":"max-image-preview:large","max-video-preview":"max-video-preview:-1"},"canonical":"https:\/\/www.wirfuergrone.de\/?page_id=392","og_locale":"de_DE","og_type":"article","og_title":"Gr\u00fcndung und Satzung - Wir f\u00fcr Grone e.V.","og_description":"Am 20.10.2003 wurde unser Verein mit 16 Gr\u00fcndungmitgliedern gegr\u00fcndet. Satzung Download","og_url":"https:\/\/www.wirfuergrone.de\/?page_id=392","og_site_name":"Wir f\u00fcr Grone e.V.","article_modified_time":"2023-11-21T22:24:54+00:00","og_image":[{"width":477,"height":319,"url":"https:\/\/www.wirfuergrone.de\/wp-content\/uploads\/2016\/04\/gruendung.jpg","type":"image\/jpeg"}],"twitter_card":"summary_large_image","twitter_misc":{"Gesch\u00e4tzte Lesezeit":"1\u00a0Minute"},"schema":{"@context":"https:\/\/schema.org","@graph":[{"@type":"WebPage","@id":"https:\/\/www.wirfuergrone.de\/?page_id=392","url":"https:\/\/www.wirfuergrone.de\/?page_id=392","name":"Gr\u00fcndung und Satzung - Wir f\u00fcr Grone e.V.","isPartOf":{"@id":"https:\/\/www.wirfuergrone.de\/#website"},"primaryImageOfPage":{"@id":"https:\/\/www.wirfuergrone.de\/?page_id=392#primaryimage"},"image":{"@id":"https:\/\/www.wirfuergrone.de\/?page_id=392#primaryimage"},"thumbnailUrl":"https:\/\/www.wirfuergrone.de\/wp-content\/uploads\/2016\/04\/gruendung.jpg","datePublished":"2023-11-21T20:40:42+00:00","dateModified":"2023-11-21T22:24:54+00:00","breadcrumb":{"@id":"https:\/\/www.wirfuergrone.de\/?page_id=392#breadcrumb"},"inLanguage":"de","potentialAction":[{"@type":"ReadAction","target":["https:\/\/www.wirfuergrone.de\/?page_id=392"]}]},{"@type":"ImageObject","inLanguage":"de","@id":"https:\/\/www.wirfuergrone.de\/?page_id=392#primaryimage","url":"https:\/\/www.wirfuergrone.de\/wp-content\/uploads\/2016\/04\/gruendung.jpg","contentUrl":"https:\/\/www.wirfuergrone.de\/wp-content\/uploads\/2016\/04\/gruendung.jpg","width":477,"height":319,"caption":"Gr\u00fcndungsversammlung"},{"@type":"BreadcrumbList","@id":"https:\/\/www.wirfuergrone.de\/?page_id=392#breadcrumb","itemListElement":[{"@type":"ListItem","position":1,"name":"Startseite","item":"https:\/\/www.wirfuergrone.de\/"},{"@type":"ListItem","position":2,"name":"Gr\u00fcndung und Satzung"}]},{"@type":"WebSite","@id":"https:\/\/www.wirfuergrone.de\/#website","url":"https:\/\/www.wirfuergrone.de\/","name":"Wir f\u00fcr Grone e.V.","description":"Initiative zeigen f\u00fcr Grone - seit 2003","publisher":{"@id":"https:\/\/www.wirfuergrone.de\/#organization"},"potentialAction":[{"@type":"SearchAction","target":{"@type":"EntryPoint","urlTemplate":"https:\/\/www.wirfuergrone.de\/?s={search_term_string}"},"query-input":{"@type":"PropertyValueSpecification","valueRequired":true,"valueName":"search_term_string"}}],"inLanguage":"de"},{"@type":"Organization","@id":"https:\/\/www.wirfuergrone.de\/#organization","name":"Wir f\u00fcr Grone e.V.","url":"https:\/\/www.wirfuergrone.de\/","logo":{"@type":"ImageObject","inLanguage":"de","@id":"https:\/\/www.wirfuergrone.de\/#\/schema\/logo\/image\/","url":"https:\/\/www.wirfuergrone.de\/wp-content\/uploads\/2016\/04\/LOGOWFG-e1461299840626.jpg","contentUrl":"https:\/\/www.wirfuergrone.de\/wp-content\/uploads\/2016\/04\/LOGOWFG-e1461299840626.jpg","width":50,"height":56,"caption":"Wir f\u00fcr Grone e.V."},"image":{"@id":"https:\/\/www.wirfuergrone.de\/#\/schema\/logo\/image\/"}}]}},"_links":{"self":[{"href":"https:\/\/www.wirfuergrone.de\/index.php?rest_route=\/wp\/v2\/pages\/392","targetHints":{"allow":["GET"]}}],"collection":[{"href":"https:\/\/www.wirfuergrone.de\/index.php?rest_route=\/wp\/v2\/pages"}],"about":[{"href":"https:\/\/www.wirfuergrone.de\/index.php?rest_route=\/wp\/v2\/types\/page"}],"author":[{"embeddable":true,"href":"https:\/\/www.wirfuergrone.de\/index.php?rest_route=\/wp\/v2\/users\/1"}],"replies":[{"embeddable":true,"href":"https:\/\/www.wirfuergrone.de\/index.php?rest_route=%2Fwp%2Fv2%2Fcomments&post=392"}],"version-history":[{"count":2,"href":"https:\/\/www.wirfuergrone.de\/index.php?rest_route=\/wp\/v2\/pages\/392\/revisions"}],"predecessor-version":[{"id":404,"href":"https:\/\/www.wirfuergrone.de\/index.php?rest_route=\/wp\/v2\/pages\/392\/revisions\/404"}],"wp:featuredmedia":[{"embeddable":true,"href":"https:\/\/www.wirfuergrone.de\/index.php?rest_route=\/wp\/v2\/media\/75"}],"wp:attachment":[{"href":"https:\/\/www.wirfuergrone.de\/index.php?rest_route=%2Fwp%2Fv2%2Fmedia&parent=392"}],"curies":[{"name":"wp","href":"https:\/\/api.w.org\/{rel}","templated":true}]}}