{"id":389,"date":"2023-11-21T20:35:55","date_gmt":"2023-11-21T20:35:55","guid":{"rendered":"https:\/\/www.wirfuergrone.de\/?page_id=389"},"modified":"2023-11-22T05:44:43","modified_gmt":"2023-11-22T05:44:43","slug":"ueber","status":"publish","type":"page","link":"https:\/\/www.wirfuergrone.de\/?page_id=389","title":{"rendered":"\u00dcber uns"},"content":{"rendered":"<div id=\"pl-389\"  class=\"panel-layout\" ><div id=\"pg-389-0\"  class=\"panel-grid panel-no-style\" ><div id=\"pgc-389-0-0\"  class=\"panel-grid-cell\" ><div id=\"panel-389-0-0-0\" class=\"so-panel widget widget_sow-editor panel-first-child panel-last-child\" data-index=\"0\" ><div\n\t\t\t\n\t\t\tclass=\"so-widget-sow-editor so-widget-sow-editor-base\"\n\t\t\t\n\t\t>\n<div class=\"siteorigin-widget-tinymce textwidget\">\n\t<div id=\"pg-w653ff9c285d0f-0\" class=\"panel-grid panel-no-style\">\n<div id=\"pgc-w653ff9c285d0f-0-0\" class=\"panel-grid-cell\">\n<div id=\"panel-w653ff9c285d0f-0-0-0\" class=\"so-panel widget widget_text panel-first-child panel-last-child\" data-index=\"0\">\n<div class=\"textwidget\">\n<p><span style=\"color: #000000;\"> Im September des Jahres 2003 wurde der Gedanke f\u00fcr einen neuen Verein in Grone geboren. Die Idee von Birgit Sterr zur Durchf\u00fchrung der 1075 Jahrfeier in Grone im Jahre 2004 einen Verein zu gr\u00fcnden, der engagierte Menschen zusammenf\u00fchrt, die an der St\u00e4rkung unserer \u00f6rtlichen Gemeinschaft mitarbeiten wollen, fiel auf fruchtbaren Boden. Bereits am 20.10.2003 wurde unser Verein mit 16 Gr\u00fcndungmitgliedern gegr\u00fcndet.<\/span><\/p>\n<p><span style=\"color: #000000;\">Wir f\u00fcr Grone ist nicht nur unser Vereinsname, sondern unser Leitgedanke.<br \/>\nDurch vielerlei Aktivit\u00e4ten wollen wir den Zusammenhalt der Menschen in Grone, die Integration und das Geschichtsbewusstsein f\u00f6rdern.<\/span><\/p>\n<div id=\"attachment_21\" style=\"width: 160px\" class=\"wp-caption aligncenter\"><a href=\"https:\/\/www.wirfuergrone.de\/wp-content\/uploads\/2016\/04\/birgit-sterr-e1461486780580.jpg\"><img aria-describedby=\"caption-attachment-21\" loading=\"lazy\" decoding=\"async\" src=\"https:\/\/www.wirfuergrone.de\/wp-content\/uploads\/2016\/04\/birgit-sterr-e1461486780580-150x150.jpg\" alt=\"\" width=\"150\" height=\"150\" class=\"wp-image-21 size-thumbnail\" srcset=\"https:\/\/www.wirfuergrone.de\/wp-content\/uploads\/2016\/04\/birgit-sterr-e1461486780580-150x150.jpg 150w, https:\/\/www.wirfuergrone.de\/wp-content\/uploads\/2016\/04\/birgit-sterr-e1461486780580-300x300.jpg 300w, https:\/\/www.wirfuergrone.de\/wp-content\/uploads\/2016\/04\/birgit-sterr-e1461486780580-250x250.jpg 250w, https:\/\/www.wirfuergrone.de\/wp-content\/uploads\/2016\/04\/birgit-sterr-e1461486780580-174x174.jpg 174w, https:\/\/www.wirfuergrone.de\/wp-content\/uploads\/2016\/04\/birgit-sterr-e1461486780580.jpg 678w\" sizes=\"auto, (max-width: 150px) 100vw, 150px\" \/><\/a><p id=\"caption-attachment-21\" class=\"wp-caption-text\">Ideengeberin und Gr\u00fcndungsmitglied Birgit Sterr<\/p><\/div>\n<\/div>\n<\/div>\n<\/div>\n<\/div>\n<\/div>\n<\/div><\/div><\/div><\/div><\/div>","protected":false},"excerpt":{"rendered":"<p>Im September des Jahres 2003 wurde der Gedanke f\u00fcr einen neuen Verein in Grone geboren. Die Idee von Birgit Sterr zur Durchf\u00fchrung der 1075 Jahrfeier in Grone im Jahre 2004 einen Verein zu gr\u00fcnden, der engagierte Menschen zusammenf\u00fchrt, die an der St\u00e4rkung unserer \u00f6rtlichen Gemeinschaft mitarbeiten wollen, fiel auf fruchtbaren [&hellip;]<\/p>\n","protected":false},"author":1,"featured_media":13,"parent":0,"menu_order":0,"comment_status":"closed","ping_status":"closed","template":"","meta":{"footnotes":""},"class_list":["post-389","page","type-page","status-publish","has-post-thumbnail","hentry"],"yoast_head":"<!-- This site is optimized with the Yoast SEO plugin v26.8 - https:\/\/yoast.com\/product\/yoast-seo-wordpress\/ -->\n<title>\u00dcber uns - Wir f\u00fcr Grone e.V.<\/title>\n<meta name=\"robots\" content=\"index, follow, max-snippet:-1, max-image-preview:large, max-video-preview:-1\" \/>\n<link rel=\"canonical\" href=\"https:\/\/www.wirfuergrone.de\/?page_id=389\" \/>\n<meta property=\"og:locale\" content=\"de_DE\" \/>\n<meta property=\"og:type\" content=\"article\" \/>\n<meta property=\"og:title\" content=\"\u00dcber uns - Wir f\u00fcr Grone e.V.\" \/>\n<meta property=\"og:description\" content=\"Im September des Jahres 2003 wurde der Gedanke f\u00fcr einen neuen Verein in Grone geboren. Die Idee von Birgit Sterr zur Durchf\u00fchrung der 1075 Jahrfeier in Grone im Jahre 2004 einen Verein zu gr\u00fcnden, der engagierte Menschen zusammenf\u00fchrt, die an der St\u00e4rkung unserer \u00f6rtlichen Gemeinschaft mitarbeiten wollen, fiel auf fruchtbaren [&hellip;]\" \/>\n<meta property=\"og:url\" content=\"https:\/\/www.wirfuergrone.de\/?page_id=389\" \/>\n<meta property=\"og:site_name\" content=\"Wir f\u00fcr Grone e.V.\" \/>\n<meta property=\"article:modified_time\" content=\"2023-11-22T05:44:43+00:00\" \/>\n<meta property=\"og:image\" content=\"https:\/\/www.wirfuergrone.de\/wp-content\/uploads\/2016\/04\/Groner_Wappen.gif\" \/>\n\t<meta property=\"og:image:width\" content=\"300\" \/>\n\t<meta property=\"og:image:height\" content=\"330\" \/>\n\t<meta property=\"og:image:type\" content=\"image\/gif\" \/>\n<meta name=\"twitter:card\" content=\"summary_large_image\" \/>\n<meta name=\"twitter:label1\" content=\"Gesch\u00e4tzte Lesezeit\" \/>\n\t<meta name=\"twitter:data1\" content=\"1\u00a0Minute\" \/>\n<script type=\"application\/ld+json\" class=\"yoast-schema-graph\">{\"@context\":\"https:\/\/schema.org\",\"@graph\":[{\"@type\":\"WebPage\",\"@id\":\"https:\/\/www.wirfuergrone.de\/?page_id=389\",\"url\":\"https:\/\/www.wirfuergrone.de\/?page_id=389\",\"name\":\"\u00dcber uns - Wir f\u00fcr Grone e.V.\",\"isPartOf\":{\"@id\":\"https:\/\/www.wirfuergrone.de\/#website\"},\"primaryImageOfPage\":{\"@id\":\"https:\/\/www.wirfuergrone.de\/?page_id=389#primaryimage\"},\"image\":{\"@id\":\"https:\/\/www.wirfuergrone.de\/?page_id=389#primaryimage\"},\"thumbnailUrl\":\"https:\/\/www.wirfuergrone.de\/wp-content\/uploads\/2016\/04\/Groner_Wappen.gif\",\"datePublished\":\"2023-11-21T20:35:55+00:00\",\"dateModified\":\"2023-11-22T05:44:43+00:00\",\"breadcrumb\":{\"@id\":\"https:\/\/www.wirfuergrone.de\/?page_id=389#breadcrumb\"},\"inLanguage\":\"de\",\"potentialAction\":[{\"@type\":\"ReadAction\",\"target\":[\"https:\/\/www.wirfuergrone.de\/?page_id=389\"]}]},{\"@type\":\"ImageObject\",\"inLanguage\":\"de\",\"@id\":\"https:\/\/www.wirfuergrone.de\/?page_id=389#primaryimage\",\"url\":\"https:\/\/www.wirfuergrone.de\/wp-content\/uploads\/2016\/04\/Groner_Wappen.gif\",\"contentUrl\":\"https:\/\/www.wirfuergrone.de\/wp-content\/uploads\/2016\/04\/Groner_Wappen.gif\",\"width\":300,\"height\":330},{\"@type\":\"BreadcrumbList\",\"@id\":\"https:\/\/www.wirfuergrone.de\/?page_id=389#breadcrumb\",\"itemListElement\":[{\"@type\":\"ListItem\",\"position\":1,\"name\":\"Startseite\",\"item\":\"https:\/\/www.wirfuergrone.de\/\"},{\"@type\":\"ListItem\",\"position\":2,\"name\":\"\u00dcber uns\"}]},{\"@type\":\"WebSite\",\"@id\":\"https:\/\/www.wirfuergrone.de\/#website\",\"url\":\"https:\/\/www.wirfuergrone.de\/\",\"name\":\"Wir f\u00fcr Grone e.V.\",\"description\":\"Initiative zeigen f\u00fcr Grone - seit 2003\",\"publisher\":{\"@id\":\"https:\/\/www.wirfuergrone.de\/#organization\"},\"potentialAction\":[{\"@type\":\"SearchAction\",\"target\":{\"@type\":\"EntryPoint\",\"urlTemplate\":\"https:\/\/www.wirfuergrone.de\/?s={search_term_string}\"},\"query-input\":{\"@type\":\"PropertyValueSpecification\",\"valueRequired\":true,\"valueName\":\"search_term_string\"}}],\"inLanguage\":\"de\"},{\"@type\":\"Organization\",\"@id\":\"https:\/\/www.wirfuergrone.de\/#organization\",\"name\":\"Wir f\u00fcr Grone e.V.\",\"url\":\"https:\/\/www.wirfuergrone.de\/\",\"logo\":{\"@type\":\"ImageObject\",\"inLanguage\":\"de\",\"@id\":\"https:\/\/www.wirfuergrone.de\/#\/schema\/logo\/image\/\",\"url\":\"https:\/\/www.wirfuergrone.de\/wp-content\/uploads\/2016\/04\/LOGOWFG-e1461299840626.jpg\",\"contentUrl\":\"https:\/\/www.wirfuergrone.de\/wp-content\/uploads\/2016\/04\/LOGOWFG-e1461299840626.jpg\",\"width\":50,\"height\":56,\"caption\":\"Wir f\u00fcr Grone e.V.\"},\"image\":{\"@id\":\"https:\/\/www.wirfuergrone.de\/#\/schema\/logo\/image\/\"}}]}<\/script>\n<!-- \/ Yoast SEO plugin. -->","yoast_head_json":{"title":"\u00dcber uns - Wir f\u00fcr Grone e.V.","robots":{"index":"index","follow":"follow","max-snippet":"max-snippet:-1","max-image-preview":"max-image-preview:large","max-video-preview":"max-video-preview:-1"},"canonical":"https:\/\/www.wirfuergrone.de\/?page_id=389","og_locale":"de_DE","og_type":"article","og_title":"\u00dcber uns - Wir f\u00fcr Grone e.V.","og_description":"Im September des Jahres 2003 wurde der Gedanke f\u00fcr einen neuen Verein in Grone geboren. Die Idee von Birgit Sterr zur Durchf\u00fchrung der 1075 Jahrfeier in Grone im Jahre 2004 einen Verein zu gr\u00fcnden, der engagierte Menschen zusammenf\u00fchrt, die an der St\u00e4rkung unserer \u00f6rtlichen Gemeinschaft mitarbeiten wollen, fiel auf fruchtbaren [&hellip;]","og_url":"https:\/\/www.wirfuergrone.de\/?page_id=389","og_site_name":"Wir f\u00fcr Grone e.V.","article_modified_time":"2023-11-22T05:44:43+00:00","og_image":[{"width":300,"height":330,"url":"https:\/\/www.wirfuergrone.de\/wp-content\/uploads\/2016\/04\/Groner_Wappen.gif","type":"image\/gif"}],"twitter_card":"summary_large_image","twitter_misc":{"Gesch\u00e4tzte Lesezeit":"1\u00a0Minute"},"schema":{"@context":"https:\/\/schema.org","@graph":[{"@type":"WebPage","@id":"https:\/\/www.wirfuergrone.de\/?page_id=389","url":"https:\/\/www.wirfuergrone.de\/?page_id=389","name":"\u00dcber uns - Wir f\u00fcr Grone e.V.","isPartOf":{"@id":"https:\/\/www.wirfuergrone.de\/#website"},"primaryImageOfPage":{"@id":"https:\/\/www.wirfuergrone.de\/?page_id=389#primaryimage"},"image":{"@id":"https:\/\/www.wirfuergrone.de\/?page_id=389#primaryimage"},"thumbnailUrl":"https:\/\/www.wirfuergrone.de\/wp-content\/uploads\/2016\/04\/Groner_Wappen.gif","datePublished":"2023-11-21T20:35:55+00:00","dateModified":"2023-11-22T05:44:43+00:00","breadcrumb":{"@id":"https:\/\/www.wirfuergrone.de\/?page_id=389#breadcrumb"},"inLanguage":"de","potentialAction":[{"@type":"ReadAction","target":["https:\/\/www.wirfuergrone.de\/?page_id=389"]}]},{"@type":"ImageObject","inLanguage":"de","@id":"https:\/\/www.wirfuergrone.de\/?page_id=389#primaryimage","url":"https:\/\/www.wirfuergrone.de\/wp-content\/uploads\/2016\/04\/Groner_Wappen.gif","contentUrl":"https:\/\/www.wirfuergrone.de\/wp-content\/uploads\/2016\/04\/Groner_Wappen.gif","width":300,"height":330},{"@type":"BreadcrumbList","@id":"https:\/\/www.wirfuergrone.de\/?page_id=389#breadcrumb","itemListElement":[{"@type":"ListItem","position":1,"name":"Startseite","item":"https:\/\/www.wirfuergrone.de\/"},{"@type":"ListItem","position":2,"name":"\u00dcber uns"}]},{"@type":"WebSite","@id":"https:\/\/www.wirfuergrone.de\/#website","url":"https:\/\/www.wirfuergrone.de\/","name":"Wir f\u00fcr Grone e.V.","description":"Initiative zeigen f\u00fcr Grone - seit 2003","publisher":{"@id":"https:\/\/www.wirfuergrone.de\/#organization"},"potentialAction":[{"@type":"SearchAction","target":{"@type":"EntryPoint","urlTemplate":"https:\/\/www.wirfuergrone.de\/?s={search_term_string}"},"query-input":{"@type":"PropertyValueSpecification","valueRequired":true,"valueName":"search_term_string"}}],"inLanguage":"de"},{"@type":"Organization","@id":"https:\/\/www.wirfuergrone.de\/#organization","name":"Wir f\u00fcr Grone e.V.","url":"https:\/\/www.wirfuergrone.de\/","logo":{"@type":"ImageObject","inLanguage":"de","@id":"https:\/\/www.wirfuergrone.de\/#\/schema\/logo\/image\/","url":"https:\/\/www.wirfuergrone.de\/wp-content\/uploads\/2016\/04\/LOGOWFG-e1461299840626.jpg","contentUrl":"https:\/\/www.wirfuergrone.de\/wp-content\/uploads\/2016\/04\/LOGOWFG-e1461299840626.jpg","width":50,"height":56,"caption":"Wir f\u00fcr Grone e.V."},"image":{"@id":"https:\/\/www.wirfuergrone.de\/#\/schema\/logo\/image\/"}}]}},"_links":{"self":[{"href":"https:\/\/www.wirfuergrone.de\/index.php?rest_route=\/wp\/v2\/pages\/389","targetHints":{"allow":["GET"]}}],"collection":[{"href":"https:\/\/www.wirfuergrone.de\/index.php?rest_route=\/wp\/v2\/pages"}],"about":[{"href":"https:\/\/www.wirfuergrone.de\/index.php?rest_route=\/wp\/v2\/types\/page"}],"author":[{"embeddable":true,"href":"https:\/\/www.wirfuergrone.de\/index.php?rest_route=\/wp\/v2\/users\/1"}],"replies":[{"embeddable":true,"href":"https:\/\/www.wirfuergrone.de\/index.php?rest_route=%2Fwp%2Fv2%2Fcomments&post=389"}],"version-history":[{"count":9,"href":"https:\/\/www.wirfuergrone.de\/index.php?rest_route=\/wp\/v2\/pages\/389\/revisions"}],"predecessor-version":[{"id":465,"href":"https:\/\/www.wirfuergrone.de\/index.php?rest_route=\/wp\/v2\/pages\/389\/revisions\/465"}],"wp:featuredmedia":[{"embeddable":true,"href":"https:\/\/www.wirfuergrone.de\/index.php?rest_route=\/wp\/v2\/media\/13"}],"wp:attachment":[{"href":"https:\/\/www.wirfuergrone.de\/index.php?rest_route=%2Fwp%2Fv2%2Fmedia&parent=389"}],"curies":[{"name":"wp","href":"https:\/\/api.w.org\/{rel}","templated":true}]}}